{"id":2674,"date":"2026-04-15T19:05:11","date_gmt":"2026-04-15T19:05:11","guid":{"rendered":"https:\/\/matsci.us.edu.pl\/?page_id=2674"},"modified":"2026-04-15T19:26:55","modified_gmt":"2026-04-15T19:26:55","slug":"deklaracja-dostepnosci","status":"publish","type":"page","link":"https:\/\/matsci.us.edu.pl\/?page_id=2674","title":{"rendered":"Deklaracja Dost\u0119pno\u015bci"},"content":{"rendered":"\n<p>Uniwersytet \u015al\u0105ski w Katowicach zobowi\u0105zuje si\u0119 zapewni\u0107 dost\u0119pno\u015b\u0107 strony internetowej zgodnie z przepisami ustawy z dnia 4 kwietnia 2019 r. o dost\u0119pno\u015bci cyfrowej stron internetowych i aplikacji mobilnych podmiot\u00f3w publicznych. O\u015bwiadczenie w sprawie dost\u0119pno\u015bci ma zastosowanie do strony internetowej projektu Materials Science Ma(s)ters (<a href=\"https:\/\/matsci.us.edu.pl\/\" data-type=\"link\" data-id=\"https:\/\/matsci.us.edu.pl\/\">matsci.us.edu.pl<\/a>).<\/p>\n\n\n\n<p>Data publikacji strony internetowej: 2022-01-01. Data ostatniej istotnej aktualizacji: 2024-09-02.<\/p>\n\n\n\n<p><strong>Stan dost\u0119pno\u015bci cyfrowej<\/strong><\/p>\n\n\n\n<p>Strona internetowa jest cz\u0119\u015bciowo zgodna z ustaw\u0105 z dnia 4 kwietnia 2019 r. o dost\u0119pno\u015bci cyfrowej stron internetowych i aplikacji mobilnych podmiot\u00f3w publicznych, poniewa\u017c:<\/p>\n\n\n\n<ul class=\"wp-block-list\">\n<li>niekt\u00f3re elementy graficzne nios\u0105 tre\u015b\u0107, kt\u00f3ra mog\u0142a zosta\u0107 nieprecyzyjnie opisana w opisach alternatywnych,<\/li>\n\n\n\n<li>niekt\u00f3re materia\u0142y multimedialne mog\u0105 nie posiada\u0107 audiodeskrypcji lub napis\u00f3w,<\/li>\n\n\n\n<li>na niekt\u00f3rych podstronach mo\u017ce pojawi\u0107 si\u0119 brak konsekwencji w strukturze nag\u0142\u00f3wk\u00f3w lub nieprawid\u0142owa kolejno\u015b\u0107 poziom\u00f3w nag\u0142\u00f3wk\u00f3w,<\/li>\n\n\n\n<li>na stronie internetowej mo\u017cna znale\u017a\u0107 linki bez wystarczaj\u0105cego opisu celu \u0142\u0105cza,<\/li>\n\n\n\n<li>na stronie internetowej mog\u0105 znale\u017a\u0107 si\u0119 elementy z nieodpowiedni\u0105 deklaracj\u0105 j\u0119zykow\u0105, nieoznaczonymi tagami i metadanymi,<\/li>\n\n\n\n<li>na niekt\u00f3rych elementach strony wyst\u0119puj\u0105 niewystarczaj\u0105ce wsp\u00f3\u0142czynniki kontrastu pomi\u0119dzy tekstem a t\u0142em,<\/li>\n\n\n\n<li>linki mog\u0105 by\u0107 wyr\u00f3\u017cnione wy\u0142\u0105cznie kolorem, bez dodatkowego oznaczenia wizualnego,<\/li>\n\n\n\n<li>niekt\u00f3re elementy interaktywne mog\u0105 nie by\u0107 w pe\u0142ni dost\u0119pne z poziomu klawiatury,<\/li>\n\n\n\n<li>na stronie internetowej mog\u0105 pojawi\u0107 si\u0119 b\u0142\u0119dy w kodzie.<\/li>\n<\/ul>\n\n\n\n<p><strong>Przygotowanie deklaracji dost\u0119pno\u015bci<\/strong><\/p>\n\n\n\n<p>O\u015bwiadczenie sporz\u0105dzono dnia: 2026-04-15. Deklaracj\u0119 sporz\u0105dzono na podstawie samooceny przeprowadzonej przez podmiot publiczny.<\/p>\n\n\n\n<p>Na stronie internetowej mo\u017cna korzysta\u0107 ze standardowych skr\u00f3t\u00f3w klawiaturowych przegl\u0105darki.<\/p>\n\n\n\n<p><strong>Informacje zwrotne i dane kontaktowe<\/strong><\/p>\n\n\n\n<p>W przypadku problem\u00f3w z dost\u0119pno\u015bci\u0105 strony internetowej prosimy o kontakt z Biurem Dost\u0119pno\u015bci i Projektowania Uniwersalnego: <a href=\"mailto:dostepnosc@us.edu.pl\">dostepnosc@us.edu.pl<\/a>.<\/p>\n\n\n\n<p><\/p>\n","protected":false},"excerpt":{"rendered":"<p>Uniwersytet \u015al\u0105ski w Katowicach zobowi\u0105zuje si\u0119 zapewni\u0107 dost\u0119pno\u015b\u0107 strony internetowej zgodnie z przepisami ustawy z dnia 4 kwietnia 2019 r. o dost\u0119pno\u015bci cyfrowej stron internetowych i aplikacji mobilnych podmiot\u00f3w publicznych. O\u015bwiadczenie w sprawie dost\u0119pno\u015bci ma zastosowanie do strony internetowej projektu Materials Science Ma(s)ters (matsci.us.edu.pl). Data publikacji strony internetowej: 2022-01-01. Data [&hellip;]<\/p>\n","protected":false},"author":1,"featured_media":0,"parent":0,"menu_order":0,"comment_status":"closed","ping_status":"closed","template":"","meta":{"_themeisle_gutenberg_block_has_review":false,"footnotes":""},"class_list":["post-2674","page","type-page","status-publish","hentry"],"_links":{"self":[{"href":"https:\/\/matsci.us.edu.pl\/index.php?rest_route=\/wp\/v2\/pages\/2674","targetHints":{"allow":["GET"]}}],"collection":[{"href":"https:\/\/matsci.us.edu.pl\/index.php?rest_route=\/wp\/v2\/pages"}],"about":[{"href":"https:\/\/matsci.us.edu.pl\/index.php?rest_route=\/wp\/v2\/types\/page"}],"author":[{"embeddable":true,"href":"https:\/\/matsci.us.edu.pl\/index.php?rest_route=\/wp\/v2\/users\/1"}],"replies":[{"embeddable":true,"href":"https:\/\/matsci.us.edu.pl\/index.php?rest_route=%2Fwp%2Fv2%2Fcomments&post=2674"}],"version-history":[{"count":5,"href":"https:\/\/matsci.us.edu.pl\/index.php?rest_route=\/wp\/v2\/pages\/2674\/revisions"}],"predecessor-version":[{"id":2681,"href":"https:\/\/matsci.us.edu.pl\/index.php?rest_route=\/wp\/v2\/pages\/2674\/revisions\/2681"}],"wp:attachment":[{"href":"https:\/\/matsci.us.edu.pl\/index.php?rest_route=%2Fwp%2Fv2%2Fmedia&parent=2674"}],"curies":[{"name":"wp","href":"https:\/\/api.w.org\/{rel}","templated":true}]}}