{"id":926,"date":"2022-04-27T18:55:28","date_gmt":"2022-04-27T18:55:28","guid":{"rendered":"https:\/\/matsci.us.edu.pl\/?page_id=926"},"modified":"2022-05-16T18:29:38","modified_gmt":"2022-05-16T18:29:38","slug":"test","status":"publish","type":"page","link":"https:\/\/matsci.us.edu.pl\/?page_id=926","title":{"rendered":"Seminar"},"content":{"rendered":"\n<h3 class=\"has-text-align-center ticss-0f999f46 wp-block-heading\"><strong>Seminar <\/strong><\/h3>\n\n\n\n<h3 class=\"has-text-align-center wp-block-heading\"><strong>&#8220;NEEDS AND BARRIERS IN DIDACTICS OF MATERIALS ENGINEERING&#8221;<\/strong>&nbsp;<\/h3>\n\n\n\n<h3 class=\"has-text-align-center wp-block-heading\"><strong>12 MAY 2022<\/strong><\/h3>\n\n\n\n<div class=\"wp-block-buttons alignwide ticss-d9f14df0 is-content-justification-center is-layout-flex wp-container-core-buttons-is-layout-a89b3969 wp-block-buttons-is-layout-flex\">\n<div class=\"wp-block-button is-style-fill animated bounceIn delay-500ms\"><a class=\"wp-block-button__link has-accent-background-color has-background\">registration closed<\/a><\/div>\n<\/div>\n\n\n\n<p class=\"ticss-70f2adec\">The seminar will be devoted to the opportunities and threats of material engineering didactic in selected European universities. We will give participants a chance to cooperate and discuss different approaches in developing&nbsp;<em>new<\/em>&nbsp;or modifying existing&nbsp;<em>materials science<\/em>&nbsp;and <em>materials engineering<\/em> curricula. <\/p>\n\n\n\n<p>The aim of the seminar:<\/p>\n\n\n\n<ul class=\"wp-block-list\"><li>provoke discussion about contemporary issues and trends in materials science and engineering education,<\/li><li>build an approach to interdisciplinary education in the field of materials engineering taking into account the challenges of the modern labor market,<\/li><li>build an international community to share ideas, resources, and best practices for teaching materials engineering.<\/li><\/ul>\n\n\n\n<div class=\"wp-block-group has-background-color-background-color has-background\"><div class=\"wp-block-group__inner-container is-layout-flow wp-block-group-is-layout-flow\">\n<p class=\"has-text-align-center ticss-8b226411\"><strong>Seminar will be held in a hybrid form with<\/strong><\/p>\n\n\n\n<div id=\"wp-block-themeisle-blocks-advanced-columns-5ad96eda\" class=\"wp-block-themeisle-blocks-advanced-columns has-2-columns has-desktop-equal-layout has-tablet-equal-layout has-mobile-equal-layout has-vertical-unset\"><div class=\"wp-block-themeisle-blocks-advanced-columns-overlay\"><\/div><div class=\"innerblocks-wrap\">\n<div id=\"wp-block-themeisle-blocks-advanced-column-8bb20535\" class=\"wp-block-themeisle-blocks-advanced-column\">\n<p id=\"wp-block-themeisle-blocks-font-awesome-icons-42668ab3\" class=\"wp-block-themeisle-blocks-font-awesome-icons\"><span class=\"wp-block-themeisle-blocks-font-awesome-icons-container\"><i class=\"fas fa-users\"><\/i><\/span><\/p>\n\n\n\n<p class=\"has-text-align-center ticss-dadcf6d0\">Physical presence for a limited number of participants<\/p>\n<\/div>\n\n\n\n<div id=\"wp-block-themeisle-blocks-advanced-column-f6dfd690\" class=\"wp-block-themeisle-blocks-advanced-column\">\n<p id=\"wp-block-themeisle-blocks-font-awesome-icons-9f72043e\" class=\"wp-block-themeisle-blocks-font-awesome-icons\"><span class=\"wp-block-themeisle-blocks-font-awesome-icons-container\"><i class=\"fas fa-laptop\"><\/i><\/span><\/p>\n\n\n\n<p class=\"has-text-align-center\">Live streaming for all other registered participants<\/p>\n<\/div>\n<\/div><\/div>\n<\/div><\/div>\n\n\n\n<h3 class=\"has-text-align-center ticss-32ce873b wp-block-heading\">Seminar programme<\/h3>\n\n\n\n<p><em>Please note<\/em>&nbsp;that the&nbsp;<em>seminar <\/em>time is&nbsp;<em>Central European Summer Time<\/em>&nbsp;(<em>CEST<\/em>)<\/p>\n\n\n\n<figure class=\"wp-block-table ticss-4082375e is-style-regular has-small-font-size\"><table class=\"has-fixed-layout\"><tbody><tr><td><strong>9:30-9:40<\/strong><\/td><td><strong>Opening Ceremony&nbsp;<\/strong><\/td><td><\/td><\/tr><tr><td><\/td><td><\/td><td><\/td><\/tr><tr><td><\/td><td><strong>SESSION 1<\/strong><\/td><td><\/td><\/tr><tr><td>9:40-10:00<\/td><td>Agata Dudek<\/td><td>Czestochowa University of Technology<\/td><\/tr><tr><td>10:00-10:20<\/td><td>Tomasz Kozie\u0142, Piotr Ba\u0142a<\/td><td>AGH University of Science and Technology<\/td><\/tr><tr><td>10:20-10:40<\/td><td>Agnieszka Szczotok<\/td><td>Silesian University of Technology&nbsp;<\/td><\/tr><tr><td>10:40:11:00<\/td><td>Dariusz Oleszak, Joanna Zdunek<\/td><td>Warsaw University of Technology<\/td><\/tr><tr><td>11:00-11:20<\/td><td>Krzysztof Pa\u0142ka<\/td><td>Lublin University of Technology<\/td><\/tr><tr><td>11:20-11:35<\/td><td>Katarzyna Marzec<\/td><td>\u0141ukasiewicz Research Network &#8211; Krakow Institute of Technology<\/td><\/tr><tr><td>11:35-11:50<\/td><td>Marek Gnypek<\/td><td>Labsoft \/ Bruker<\/td><\/tr><tr><td><\/td><td><\/td><td><\/td><\/tr><tr><td><strong><strong>Lunch<\/strong><\/strong><\/td><td><\/td><td><\/td><\/tr><tr><td><\/td><td><\/td><td><\/td><\/tr><tr><td><\/td><td><strong>SESSION 2<\/strong><\/td><td><\/td><\/tr><tr><td>12:45-13:00<\/td><td>Metin Ozgul<\/td><td>Mimar Sinan Engineers Association<\/td><\/tr><tr><td>13:00-13:15<\/td><td>Matej Barlok<\/td><td>Danfoss Power Solutions a.s.<\/td><\/tr><tr><td>13:15-13:30<\/td><td>Milan Ki\u0161<\/td><td>Schaeffler Kysuce, spol. s r.o.<\/td><\/tr><tr><td>13:30-13:45<\/td><td>Ihor Zavaliy<\/td><td>Karpenko Physico-Mechanical Institute of the NAS of Ukraine<\/td><\/tr><tr><td>13:45:14:00<\/td><td>Stepan Mudry&nbsp;<\/td><td>Ivan Franko National University of Lviv<\/td><\/tr><tr><td>14:00-14:15<\/td><td>Tetiana Tepla<\/td><td>Lviv Polytechnic National University<\/td><\/tr><tr><td>14:15-14:30<\/td><td>Oksana Balaban<\/td><td>Lviv Polytechnic National University<\/td><\/tr><tr><td><\/td><td><\/td><td><\/td><\/tr><tr><td><strong>14:30-14:45<\/strong><\/td><td><strong>Closing ceremony<\/strong><\/td><td><\/td><\/tr><\/tbody><\/table><\/figure>\n\n\n\n<p class=\"ticss-8c1e9809\"><strong>Organization committee<\/strong><\/p>\n\n\n\n<div id=\"wp-block-themeisle-blocks-advanced-columns-4da1346c\" class=\"wp-block-themeisle-blocks-advanced-columns has-2-columns has-desktop-equal-layout has-tablet-equal-layout has-mobile-equal-layout has-vertical-unset\"><div class=\"wp-block-themeisle-blocks-advanced-columns-overlay\"><\/div><div class=\"innerblocks-wrap\">\n<div id=\"wp-block-themeisle-blocks-advanced-column-fd1edbfd\" class=\"wp-block-themeisle-blocks-advanced-column\">\n<p class=\"has-text-align-left ticss-0c64ad40\">Joanna Maszybrocka <br><em>University of Silesia in Katowice, Poland<\/em><\/p>\n\n\n\n<p class=\"has-text-align-left\">Ma\u0142gorzata Karolus<br><em>University of Silesia <em>in Katowice<\/em>, Poland<\/em><\/p>\n\n\n\n<p class=\"has-text-align-left\">Magdalena Szklarska<br><em>University of Silesia <em>in Katowice<\/em>, Poland<\/em><\/p>\n\n\n\n<p class=\"has-text-align-left\">Tomasz Goryczka<br><em>University of Silesia <em>in Katowice<\/em>, Poland<\/em><\/p>\n\n\n\n<p class=\"has-text-align-left\">Patrycja Wajda &#8211; Mierzwa<br><em>University of Silesia <em>in Katowice<\/em>, Poland<\/em><\/p>\n<\/div>\n\n\n\n<div id=\"wp-block-themeisle-blocks-advanced-column-7ee448f2\" class=\"wp-block-themeisle-blocks-advanced-column\">\n<p><em>\u015e\u00fckr\u00fc Tala\u015f<br>Afyon Kocatepe University, Turkey<\/em><\/p>\n\n\n\n<p><em>Lidiya Boichyshyn<br>Ivan Franko National University of Lviv<\/em>, <em>Ukraine<\/em><\/p>\n\n\n\n<p>Juraj Belan<br><em>University&nbsp;of&nbsp;\u017dilina, Slovakia<\/em><\/p>\n<\/div>\n<\/div><\/div>\n\n\n\n<section id=\"wp-block-themeisle-blocks-advanced-columns-de72ff39\" class=\"wp-block-themeisle-blocks-advanced-columns alignfull has-2-columns has-desktop-equal-layout has-tablet-equal-layout has-mobile-collapsedRows-layout has-vertical-center\"><div class=\"wp-block-themeisle-blocks-advanced-columns-overlay\"><\/div><div class=\"innerblocks-wrap\">\n<div id=\"wp-block-themeisle-blocks-advanced-column-41f6cecb\" class=\"wp-block-themeisle-blocks-advanced-column\">\n<div style=\"width: 100%\"><iframe loading=\"lazy\" width=\"100%\" height=\"400\" frameborder=\"0\" scrolling=\"no\" marginheight=\"0\" marginwidth=\"0\" src=\"https:\/\/www.google.com\/maps\/embed?pb=!1m18!1m12!1m3!1d2548.844259290499!2d18.931398551220667!3d50.29483497935331!2m3!1f0!2f0!3f0!3m2!1i1024!2i768!4f13.1!3m3!1m2!1s0x4716d27ffc105e2d%3A0xdca4c650131fa6f7!2s75%20Pu%C5%82ku%20Piechoty%201a%2C%2041-500%20Chorz%C3%B3w!5e0!3m2!1spl!2spl!4v1648920633601!5m2!1spl!2spl\"><\/iframe><\/div>\n<\/div>\n\n\n\n<div id=\"wp-block-themeisle-blocks-advanced-column-5af0a9d5\" class=\"wp-block-themeisle-blocks-advanced-column\">\n<div id=\"wp-block-themeisle-blocks-advanced-heading-b6575732\" class=\"wp-block-themeisle-blocks-advanced-heading wp-block-themeisle-blocks-advanced-heading-b6575732\"><\/div>\n\n\n\n<h2 class=\"has-text-align-left wp-block-heading\">SEMINAR VENUE<\/h2>\n\n\n\n<p>University of Silesia in Katowice<\/p>\n\n\n\n<p class=\"has-text-align-left\">75 Pu\u0142ku Piechoty 1A<\/p>\n\n\n\n<p>41-200 Chorz\u00f3w<\/p>\n\n\n\n<p>Poland<\/p>\n\n\n\n<p>+48 32 349 7606<\/p>\n\n\n\n<p>matsci@us.edu.pl<\/p>\n<\/div>\n<\/div><\/section>\n","protected":false},"excerpt":{"rendered":"<p>Seminar &#8220;NEEDS AND BARRIERS IN DIDACTICS OF MATERIALS ENGINEERING&#8221;&nbsp; 12 MAY 2022 The seminar will be devoted to the opportunities and threats of material engineering didactic in selected European universities. We will give participants a chance to cooperate and discuss different approaches in developing&nbsp;new&nbsp;or modifying existing&nbsp;materials science&nbsp;and materials engineering curricula. [&hellip;]<\/p>\n","protected":false},"author":1,"featured_media":202,"parent":0,"menu_order":0,"comment_status":"closed","ping_status":"closed","template":"","meta":{"_themeisle_gutenberg_block_has_review":false,"footnotes":""},"class_list":["post-926","page","type-page","status-publish","has-post-thumbnail","hentry"],"_links":{"self":[{"href":"https:\/\/matsci.us.edu.pl\/index.php?rest_route=\/wp\/v2\/pages\/926","targetHints":{"allow":["GET"]}}],"collection":[{"href":"https:\/\/matsci.us.edu.pl\/index.php?rest_route=\/wp\/v2\/pages"}],"about":[{"href":"https:\/\/matsci.us.edu.pl\/index.php?rest_route=\/wp\/v2\/types\/page"}],"author":[{"embeddable":true,"href":"https:\/\/matsci.us.edu.pl\/index.php?rest_route=\/wp\/v2\/users\/1"}],"replies":[{"embeddable":true,"href":"https:\/\/matsci.us.edu.pl\/index.php?rest_route=%2Fwp%2Fv2%2Fcomments&post=926"}],"version-history":[{"count":32,"href":"https:\/\/matsci.us.edu.pl\/index.php?rest_route=\/wp\/v2\/pages\/926\/revisions"}],"predecessor-version":[{"id":1293,"href":"https:\/\/matsci.us.edu.pl\/index.php?rest_route=\/wp\/v2\/pages\/926\/revisions\/1293"}],"wp:featuredmedia":[{"embeddable":true,"href":"https:\/\/matsci.us.edu.pl\/index.php?rest_route=\/wp\/v2\/media\/202"}],"wp:attachment":[{"href":"https:\/\/matsci.us.edu.pl\/index.php?rest_route=%2Fwp%2Fv2%2Fmedia&parent=926"}],"curies":[{"name":"wp","href":"https:\/\/api.w.org\/{rel}","templated":true}]}}